{"id":87,"date":"2021-05-17T14:42:00","date_gmt":"2021-05-17T12:42:00","guid":{"rendered":"https:\/\/www.vsopcine.it\/wp\/?page_id=87"},"modified":"2022-09-26T22:30:48","modified_gmt":"2022-09-26T20:30:48","slug":"otroski-vrtci","status":"publish","type":"page","link":"https:\/\/www.vsopcine.it\/wp\/otroski-vrtci\/","title":{"rendered":"OTRO\u0160KI VRTCI"},"content":{"rendered":"\n<div class=\"wp-block-group school-block kind\"><div class=\"wp-block-group__inner-container is-layout-flow wp-block-group-is-layout-flow\">\n<div class=\"wp-block-columns is-layout-flex wp-container-core-columns-is-layout-9d6595d7 wp-block-columns-is-layout-flex\">\n<div class=\"wp-block-column is-layout-flow wp-block-column-is-layout-flow\">\n<div class=\"wp-block-columns is-layout-flex wp-container-core-columns-is-layout-9d6595d7 wp-block-columns-is-layout-flex\">\n<div class=\"wp-block-column is-layout-flow wp-block-column-is-layout-flow\">\n<figure class=\"wp-block-image size-large\"><img loading=\"lazy\" decoding=\"async\" width=\"300\" height=\"300\" src=\"https:\/\/www.vsopcine.it\/wp\/wp-content\/uploads\/VRTEC-STOKA.jpg\" alt=\"\" class=\"wp-image-867\" srcset=\"https:\/\/www.vsopcine.it\/wp\/wp-content\/uploads\/VRTEC-STOKA.jpg 300w, https:\/\/www.vsopcine.it\/wp\/wp-content\/uploads\/VRTEC-STOKA-150x150.jpg 150w, https:\/\/www.vsopcine.it\/wp\/wp-content\/uploads\/VRTEC-STOKA-12x12.jpg 12w\" sizes=\"auto, (max-width: 300px) 100vw, 300px\" \/><\/figure>\n<\/div>\n\n\n\n<div class=\"wp-block-column is-vertically-aligned-center is-layout-flow wp-block-column-is-layout-flow\">\n<p class=\"has-small-font-size\"><strong>Marjan \u0160toka<\/strong><br>na Proseku<br>Prosek 185<br>34151 Prosek &#8211; TS<br><a href=\"tel: +39 040 225993\">tel: +39 040 225993<\/a><br><a href=\"mailto:ov.stoka@vsopcine.edu.it\">ov.stoka@vsopcine.edu.it<\/a><\/p>\n<\/div>\n<\/div>\n<\/div>\n\n\n\n<div class=\"wp-block-column is-vertically-aligned-center is-layout-flow wp-block-column-is-layout-flow\">\n<p><strong>URNIKI<\/strong><br>prihod: 7.45 &#8211; 8.45<\/p>\n\n\n\n<ol class=\"wp-block-list\"><li>odhod: 13.15 &#8211; 13.45<\/li><li>odhod: 15.15 &#8211; 15.45<\/li><\/ol>\n<\/div>\n<\/div>\n\n\n\n<p>Otro\u0161ki vrtec Marjan \u0160toka se nahaja na obrobju vasi Prosek, neposredno ob osnovni \u0161oli Avgusta \u010cernigoja.<\/p>\n\n\n\n<p>V vrtcu delujeta dva oddelka: \u017dabice in Ra\u010dke.<\/p>\n\n\n\n<p>Prostori vrtca so prijetni in svetli. Vrtec ima dve u\u010dilnici, igralnico, kuhinjo in jedilnico. Zunanjost vrtca je urejena v lepo in opremljeno igri\u0161\u010de.<\/p>\n\n\n\n<p>\u017divljenje v na\u0161em vrtcu je polno najrazli\u010dnej\u0161ih do\u017eivetij &#8211; veliko se igramo, pojemo, ple\u0161emo, telovadimo, poslu\u0161amo in pripovedujemo pravljice, ustvarjamo, hodimo na izlete in \u0161e veliko drugega.<\/p>\n\n\n\n<p>Posebno pozornost namenjamo sodelovanju s star\u0161i. Vsako \u0161olsko leto organiziramo ve\u010d dru\u017eabnih sre\u010danj z dru\u017einami.<\/p>\n\n\n\n<p>Zelo dobro sodelujemo tudi z lokalnimi organizacijami in dru\u0161tvi. Radi zapojemo ob razli\u010dnih prilo\u017enostih v doma\u010dem kraju in okolici.<\/p>\n\n\n\n<p>Na\u0161 vrtec je eko vrtec. V vrtcu skrbimo za \u010disto in urejeno okolje, lo\u010dujemo odpadke, sodelujemo v humanitarnih zbiralnih akcijah, urejamo in vzdr\u017eujemo eko vrt.<\/p>\n\n\n\n<p>Ekolo\u0161ke vrednote vna\u0161amo tudi v medsebojne odnose, zato nam je v na\u0161em vrtcu lepo.<\/p>\n<\/div><\/div>\n\n\n\n<div class=\"wp-block-group school-block kind\"><div class=\"wp-block-group__inner-container is-layout-flow wp-block-group-is-layout-flow\">\n<div class=\"wp-block-columns is-layout-flex wp-container-core-columns-is-layout-9d6595d7 wp-block-columns-is-layout-flex\">\n<div class=\"wp-block-column is-layout-flow wp-block-column-is-layout-flow\">\n<div class=\"wp-block-columns is-layout-flex wp-container-core-columns-is-layout-9d6595d7 wp-block-columns-is-layout-flex\">\n<div class=\"wp-block-column is-layout-flow wp-block-column-is-layout-flow\">\n<figure class=\"wp-block-image size-large\"><img loading=\"lazy\" decoding=\"async\" width=\"300\" height=\"300\" src=\"https:\/\/www.vsopcine.it\/wp\/wp-content\/uploads\/VRTEC-FAKIN.jpg\" alt=\"\" class=\"wp-image-868\" srcset=\"https:\/\/www.vsopcine.it\/wp\/wp-content\/uploads\/VRTEC-FAKIN.jpg 300w, https:\/\/www.vsopcine.it\/wp\/wp-content\/uploads\/VRTEC-FAKIN-150x150.jpg 150w, https:\/\/www.vsopcine.it\/wp\/wp-content\/uploads\/VRTEC-FAKIN-12x12.jpg 12w\" sizes=\"auto, (max-width: 300px) 100vw, 300px\" \/><\/figure>\n<\/div>\n\n\n\n<div class=\"wp-block-column is-vertically-aligned-center is-layout-flow wp-block-column-is-layout-flow\">\n<p class=\"has-small-font-size\"><strong>Anton Fakin<\/strong><br>na Colu<br>Col 41 (Repentabor)<br>34016 Op\u010dine &#8211; TS<br><a href=\"tel: +39 040 327206\n\">tel: +39 040 327206<br><\/a><a href=\"mailto:ov.fakin@vsopcine.edu.it\">ov.fakin@vsopcine.edu.it<\/a><\/p>\n<\/div>\n<\/div>\n<\/div>\n\n\n\n<div class=\"wp-block-column is-vertically-aligned-center is-layout-flow wp-block-column-is-layout-flow\">\n<p><strong>URNIKI<\/strong><br>prihod: 7.45 &#8211; 8.45<\/p>\n\n\n\n<ol class=\"wp-block-list\"><li>odhod: 13.00 \u2013 13.30<\/li><li>odhod: 15.15 &#8211; 15.45<\/li><\/ol>\n<\/div>\n<\/div>\n\n\n\n<p>Na\u0161 vrtec se nahaja v osr\u010dju Krasa, obdan s travniki in vinogradi. Prav zaradi tega lahko od blizu spoznavamo naravo jo spo\u0161tujemo in varujemo.&nbsp;&nbsp;<\/p>\n\n\n\n<p>Da bi lahko v njej za\u017eiveli kot velika dru\u017eina, tesno sodelujemo z dru\u017einami otrok pri najrazli\u010dnej\u0161ih skupnih pobudah. Zelo radi pojemo in \u010de je le mogo\u010de radi zapojemo pred publiko, tudi na revijah otro\u0161kih pevskih zborov.<\/p>\n\n\n\n<p>Vsak dan skrbimo, da nam je v vrtcu lepo, medtem ko se igramo, poslu\u0161amo in pripovedujemo pravljice, ri\u0161emo, telovadimo, ple\u0161emo.&nbsp;<\/p>\n\n\n\n<p>Na\u0161 vrtec je vrtec s srcem!<\/p>\n<\/div><\/div>\n\n\n\n<div class=\"wp-block-group school-block kind\"><div class=\"wp-block-group__inner-container is-layout-flow wp-block-group-is-layout-flow\">\n<div class=\"wp-block-columns is-layout-flex wp-container-core-columns-is-layout-9d6595d7 wp-block-columns-is-layout-flex\">\n<div class=\"wp-block-column is-layout-flow wp-block-column-is-layout-flow\">\n<div class=\"wp-block-columns is-layout-flex wp-container-core-columns-is-layout-9d6595d7 wp-block-columns-is-layout-flex\">\n<div class=\"wp-block-column is-layout-flow wp-block-column-is-layout-flow\">\n<figure class=\"wp-block-image size-full\"><img loading=\"lazy\" decoding=\"async\" width=\"301\" height=\"300\" src=\"https:\/\/www.vsopcine.it\/wp\/wp-content\/uploads\/Logo_OVBazovica.jpg\" alt=\"\" class=\"wp-image-4390\" srcset=\"https:\/\/www.vsopcine.it\/wp\/wp-content\/uploads\/Logo_OVBazovica.jpg 301w, https:\/\/www.vsopcine.it\/wp\/wp-content\/uploads\/Logo_OVBazovica-150x150.jpg 150w, https:\/\/www.vsopcine.it\/wp\/wp-content\/uploads\/Logo_OVBazovica-12x12.jpg 12w\" sizes=\"auto, (max-width: 301px) 100vw, 301px\" \/><\/figure>\n<\/div>\n\n\n\n<div class=\"wp-block-column is-vertically-aligned-center is-layout-flow wp-block-column-is-layout-flow\">\n<p class=\"has-small-font-size\"><strong>Ubald Vrabec<\/strong><br>v Bazovici<br>ul. Igo Gruden 34<br>34149 Bazovica &#8211; TS<br><a href=\"tel: +39 040 226243\n\">tel: +39 040 226243<br><\/a><a href=\"mailto:ov.vrabec@vsopcine.edu.it\">ov.vrabec@vsopcine.edu.it<\/a><\/p>\n<\/div>\n<\/div>\n<\/div>\n\n\n\n<div class=\"wp-block-column is-vertically-aligned-center is-layout-flow wp-block-column-is-layout-flow\">\n<p><strong>URNIKI<\/strong><br>prihod: 7.45 &#8211; 8.45<\/p>\n\n\n\n<ol class=\"wp-block-list\"><li>odhod: 12.45 &#8211; 13.15<\/li><li>odhod: 15.15 &#8211; 15.45<\/li><\/ol>\n<\/div>\n<\/div>\n\n\n\n<p>Vrtec se nahaja ob robu vasi, v neposredni bli\u017eini va\u0161ke osnovne \u0161ole ter v bli\u017eini gozdi\u010dka. \u017divimo in se u\u010dimo v so\u017eitju z naravo, ve\u010dkrat se tudi poslu\u017eujemo Didakti\u010dnega centra gozdnih \u010duvajev, predvsem za vodene sprehode, saj se center nahaja za na\u0161im vrtcem.<\/p>\n\n\n\n<p>&nbsp;Radi hodimo na sprehode in bivamo v zunanjih prostorih, vrtec je obdan s prekrasnim vrtom. Pogostokrat sodelujemo z osnovno \u0161olo, povezani smo z va\u0161ko skupnostjo, s star\u0161i in va\u0161\u010dani, med letom izvajamo \u0161tevilne dejavnosti in projekte. V na\u0161em vrtcu ni nikoli dolg\u010das!<\/p>\n<\/div><\/div>\n\n\n\n<div class=\"wp-block-group school-block kind\"><div class=\"wp-block-group__inner-container is-layout-flow wp-block-group-is-layout-flow\">\n<div class=\"wp-block-columns is-layout-flex wp-container-core-columns-is-layout-9d6595d7 wp-block-columns-is-layout-flex\">\n<div class=\"wp-block-column is-layout-flow wp-block-column-is-layout-flow\">\n<div class=\"wp-block-columns is-layout-flex wp-container-core-columns-is-layout-9d6595d7 wp-block-columns-is-layout-flex\">\n<div class=\"wp-block-column is-layout-flow wp-block-column-is-layout-flow\">\n<figure class=\"wp-block-image size-full\"><img loading=\"lazy\" decoding=\"async\" width=\"521\" height=\"518\" src=\"https:\/\/www.vsopcine.it\/wp\/wp-content\/uploads\/Logo_OVOpc\u030cine-2.jpg\" alt=\"\" class=\"wp-image-4685\" srcset=\"https:\/\/www.vsopcine.it\/wp\/wp-content\/uploads\/Logo_OVOpc\u030cine-2.jpg 521w, https:\/\/www.vsopcine.it\/wp\/wp-content\/uploads\/Logo_OVOpc\u030cine-2-300x298.jpg 300w, https:\/\/www.vsopcine.it\/wp\/wp-content\/uploads\/Logo_OVOpc\u030cine-2-150x150.jpg 150w, https:\/\/www.vsopcine.it\/wp\/wp-content\/uploads\/Logo_OVOpc\u030cine-2-12x12.jpg 12w\" sizes=\"auto, (max-width: 521px) 100vw, 521px\" \/><\/figure>\n<\/div>\n\n\n\n<div class=\"wp-block-column is-vertically-aligned-center is-layout-flow wp-block-column-is-layout-flow\">\n<p class=\"has-small-font-size\"><strong>Andrej \u010cok<\/strong><br>na Op\u010dinah<br>Nano\u0161ki trg 2\/1<br>34151 Op\u010dine \u2013 TS<br><a href=\"tel: +39 040 213339\n\">tel: +39 040 213339<br><\/a><a href=\"mailto:ov.cok@vsopcine.edu.it\">ov.cok@vsopcine.edu.it<\/a><\/p>\n<\/div>\n<\/div>\n<\/div>\n\n\n\n<div class=\"wp-block-column is-vertically-aligned-center is-layout-flow wp-block-column-is-layout-flow\">\n<p><strong>URNIKI<\/strong><br>prihod: 7.45 &#8211; 8.45<\/p>\n\n\n\n<ol class=\"wp-block-list\"><li>odhod: 13.15 &#8211; 13.45<\/li><li>odhod: 15.15 &#8211; 15.45<\/li><\/ol>\n<\/div>\n<\/div>\n\n\n\n<p>Otro\u0161ki vrtec Andrej \u010cok se nahaja na Nano\u0161kem trgu, v samem sredi\u0161\u010du Op\u010din, zraven osnovne \u0161ole Franceta Bevka. \u0160olsko poslopje zajema dva oddelka. Poleg prostornih in lepo osvetljenih u\u010dilnic imajo otroci in vzgojiteljice na razpolago, igralnico, veliko dvori\u0161\u010de opremljeno z igrali, jedilnico in kuhinjo, ki zagotavlja vsakodnevno sve\u017ee pripravljene obroke. Ob vrtcu stoji tudi \u0161portna dvorana v kateri se redno izvaja program osnovne motorike.<\/p>\n\n\n\n<p>Vrtec zagotavlja spodbudno okolje. Raznolike vzgojno-didakti\u010dne dejavnosti so vezane na gibalni, socialni, \u010dustveni in spoznavni razvoj. Vzgojiteljice v teku \u0161olskega leta podpirajo programe eko-vrtca, u\u010denja v naravi, navad zdrave prehrane, gojijo kulturo sobivanja v razlikah in druga\u010dnosti. Med \u0161olskim letom se vklju\u010dujejo v va\u0161ke pobude in sodelujejo s star\u0161i. Bogata ponudba dejavnosti nudi otrokom optimalne pogoje, v katerih lahko razvijajo svoje potenciale, kjer lahko svobodno izra\u017eajo svoje zamisli, znanja, sposobnosti, ustvarjalnost, razvijajo kriti\u010dnost ter postajajo odgovorni posamezniki, ki znajo \u017eiveti v skupnosti.<\/p>\n\n\n\n<p><strong>DNEVNA RUTINA:<\/strong> V vrtcu oblikujemo dnevni ritem, v katerem si izmeni\u010dno sledijo vodene dejavnosti in prosta igra. Ritem, ki si ga otrok ne more \u0161e ustvariti sam, je zanj zelo pomemben, saj mu daje ob\u010dutek poznanega, varnosti in spro\u0161\u010denosti.<\/p>\n\n\n\n<p>Vsak dan se v vrtcu ponuja otrokom likovne in ustvarjalne delavnice, rajalne igre, prstne igre, pravljice ali zgodbe. Za bodo\u010de \u0161olarje so namenjene posebne urice, kjer preko iger in nalog otroci razvijajo koncentracijo, socialne ve\u0161\u010dine, fino motoriko, okulo-motori\u010dno koordinacijo gibov, svoje zaznave, jezikovne in govorne spretnosti.<\/p>\n<\/div><\/div>\n\n\n\n<div class=\"wp-block-group school-block kind\"><div class=\"wp-block-group__inner-container is-layout-flow wp-block-group-is-layout-flow\">\n<div class=\"wp-block-columns is-layout-flex wp-container-core-columns-is-layout-9d6595d7 wp-block-columns-is-layout-flex\">\n<div class=\"wp-block-column is-layout-flow wp-block-column-is-layout-flow\">\n<div class=\"wp-block-columns is-layout-flex wp-container-core-columns-is-layout-9d6595d7 wp-block-columns-is-layout-flex\">\n<div class=\"wp-block-column is-layout-flow wp-block-column-is-layout-flow\">\n<figure class=\"wp-block-image size-large\"><img loading=\"lazy\" decoding=\"async\" width=\"300\" height=\"300\" src=\"https:\/\/www.vsopcine.it\/wp\/wp-content\/uploads\/VRTEC-KRALJ.jpg\" alt=\"\" class=\"wp-image-873\" srcset=\"https:\/\/www.vsopcine.it\/wp\/wp-content\/uploads\/VRTEC-KRALJ.jpg 300w, https:\/\/www.vsopcine.it\/wp\/wp-content\/uploads\/VRTEC-KRALJ-150x150.jpg 150w, https:\/\/www.vsopcine.it\/wp\/wp-content\/uploads\/VRTEC-KRALJ-12x12.jpg 12w\" sizes=\"auto, (max-width: 300px) 100vw, 300px\" \/><\/figure>\n<\/div>\n\n\n\n<div class=\"wp-block-column is-vertically-aligned-center is-layout-flow wp-block-column-is-layout-flow\">\n<p class=\"has-small-font-size\"><strong>Elvira Kralj<\/strong><br>v Treb\u010dah<br>Treb\u010de 30<br>34149 Treb\u010de \u2013 TS<br><a href=\"tel: +39 040 213190\n\">tel: +39 040 213190<br><\/a><a href=\"mailto:ov.kralj@vsopcine.edu.it\">ov.kralj@vsopcine.edu.it<\/a><\/p>\n<\/div>\n<\/div>\n<\/div>\n\n\n\n<div class=\"wp-block-column is-vertically-aligned-center is-layout-flow wp-block-column-is-layout-flow\">\n<p><strong>URNIKI<\/strong><br>prihod: 7.45 &#8211; 8.45<\/p>\n\n\n\n<ol class=\"wp-block-list\"><li>odhod: 13.00 &#8211; 13.30<\/li><li>odhod: 15.15 &#8211; 15.45<\/li><\/ol>\n<\/div>\n<\/div>\n\n\n\n<p>V na\u0161em vrtcu nudimo otrokom varno in spodbudno u\u010dno okolje, ki je pomembno za razvoj njihovih ustvarjalnih zmo\u017enosti. Z ustvarjanjem toplega in spodbudnega&nbsp; okolja se trudimo, da se otroci po\u010dutijo v vrtcu varni, sprejeti in upo\u0161tevani.<\/p>\n\n\n\n<p>Prizadevamo si, da so zadovoljni, spro\u0161\u010deni in igrivi, da vsak dan z veseljem vstopijo v vrtec in da ga zapu\u0161\u010dajo zadovoljni in sre\u010dni. S posluhom za razvojne in individualne zna\u010dilnosti vseh na\u0161ih otrok in s pomo\u010djo raznih iger, razvijamo njihovo sposobnost opazovanja, ustvarjalnost, domi\u0161ljijo in jezikovne spretnosti.<\/p>\n\n\n\n<p>Otrokom nudimo veliko razli\u010dnih dejavnosti, da se tako u\u010dijo in bogatijo svoje znanje ter izku\u0161nje. Vrtec se nahaja v naravnem okolju. Z otroki veliko \u010dasa pre\u017eivimo na prostem, saj se tako sprostijo ob razli\u010dnih gibalnih dejavnostih.<\/p>\n<\/div><\/div>\n\n\n\n<div class=\"wp-block-group school-block kind\"><div class=\"wp-block-group__inner-container is-layout-flow wp-block-group-is-layout-flow\">\n<div class=\"wp-block-columns is-layout-flex wp-container-core-columns-is-layout-9d6595d7 wp-block-columns-is-layout-flex\">\n<div class=\"wp-block-column is-layout-flow wp-block-column-is-layout-flow\">\n<div class=\"wp-block-columns is-layout-flex wp-container-core-columns-is-layout-9d6595d7 wp-block-columns-is-layout-flex\">\n<div class=\"wp-block-column is-layout-flow wp-block-column-is-layout-flow\">\n<figure class=\"wp-block-image size-large\"><img loading=\"lazy\" decoding=\"async\" width=\"300\" height=\"300\" src=\"https:\/\/www.vsopcine.it\/wp\/wp-content\/uploads\/VRTEC-KOSUTA.jpg\" alt=\"\" class=\"wp-image-874\" srcset=\"https:\/\/www.vsopcine.it\/wp\/wp-content\/uploads\/VRTEC-KOSUTA.jpg 300w, https:\/\/www.vsopcine.it\/wp\/wp-content\/uploads\/VRTEC-KOSUTA-150x150.jpg 150w, https:\/\/www.vsopcine.it\/wp\/wp-content\/uploads\/VRTEC-KOSUTA-12x12.jpg 12w\" sizes=\"auto, (max-width: 300px) 100vw, 300px\" \/><\/figure>\n<\/div>\n\n\n\n<div class=\"wp-block-column is-vertically-aligned-center is-layout-flow wp-block-column-is-layout-flow\">\n<p class=\"has-small-font-size\"><strong>Just Ko\u0161uta<\/strong><br>v Kri\u017eu<br>Kri\u017e 442<br>34151 Kri\u017e \u2013 TS<br><a href=\"tel: +39 040 220118\n\">tel: +39 040 220118<br><\/a><a href=\"mailto:ov.kralj@vsopcine.edu.it\">ov.kosuta@vsopcine.edu.it<\/a><\/p>\n<\/div>\n<\/div>\n<\/div>\n\n\n\n<div class=\"wp-block-column is-vertically-aligned-center is-layout-flow wp-block-column-is-layout-flow\">\n<p><strong>URNIKI<\/strong><br>prihod: 7.45 &#8211; 8.45<\/p>\n\n\n\n<ol class=\"wp-block-list\"><li>odhod: 13.00 &#8211; 13.30<\/li><li>odhod: 15.15 &#8211; 15.45<\/li><\/ol>\n<\/div>\n<\/div>\n\n\n\n<p>V Kri\u017eu sredi gozda, vrtec Just Ko\u0161uta tam stoji.&nbsp;<\/p>\n\n\n\n<p>V njem se ple\u0161e, poje, igra in u\u010di,&nbsp;<\/p>\n\n\n\n<p>gozdne \u017eivali sre\u010damo vse dni.&nbsp;<\/p>\n\n\n\n<p>Je\u017ee, srne, ptice, polhe in veverice,&nbsp;<\/p>\n\n\n\n<p>to so na\u0161e vsakdanje prijateljice.&nbsp;<\/p>\n\n\n\n<p>Ko pa zunaj sonce sije,&nbsp;<\/p>\n\n\n\n<p>hop na sprehod pohitimo,&nbsp;<\/p>\n\n\n\n<p>morje in gore to so na\u0161 razgled&nbsp;<\/p>\n\n\n\n<p>in vrtec je kot pravlji\u010dni svet.&nbsp;<\/p>\n\n\n\n<p>\u010ce \u017eeli\u0161 spoznati ti vse to, kar v na\u0161 vrtec pridi, \u017eal ti ne bo!<\/p>\n<\/div><\/div>\n","protected":false},"excerpt":{"rendered":"<p>Marjan \u0160tokana ProsekuProsek 18534151 Prosek &#8211; TStel: +39 040 225993ov.stoka@vsopcine.edu.it URNIKIprihod: 7.45 &#8211; 8.45 odhod: 13.15 &#8211; 13.45 odhod: 15.15 &#8211; 15.45 Otro\u0161ki vrtec Marjan &#8230; <\/p>\n","protected":false},"author":15,"featured_media":0,"parent":0,"menu_order":0,"comment_status":"closed","ping_status":"closed","template":"page-sidebar.php","meta":{"_mi_skip_tracking":false,"footnotes":""},"class_list":["post-87","page","type-page","status-publish","hentry"],"_links":{"self":[{"href":"https:\/\/www.vsopcine.it\/wp\/wp-json\/wp\/v2\/pages\/87","targetHints":{"allow":["GET"]}}],"collection":[{"href":"https:\/\/www.vsopcine.it\/wp\/wp-json\/wp\/v2\/pages"}],"about":[{"href":"https:\/\/www.vsopcine.it\/wp\/wp-json\/wp\/v2\/types\/page"}],"author":[{"embeddable":true,"href":"https:\/\/www.vsopcine.it\/wp\/wp-json\/wp\/v2\/users\/15"}],"replies":[{"embeddable":true,"href":"https:\/\/www.vsopcine.it\/wp\/wp-json\/wp\/v2\/comments?post=87"}],"version-history":[{"count":78,"href":"https:\/\/www.vsopcine.it\/wp\/wp-json\/wp\/v2\/pages\/87\/revisions"}],"predecessor-version":[{"id":6215,"href":"https:\/\/www.vsopcine.it\/wp\/wp-json\/wp\/v2\/pages\/87\/revisions\/6215"}],"wp:attachment":[{"href":"https:\/\/www.vsopcine.it\/wp\/wp-json\/wp\/v2\/media?parent=87"}],"curies":[{"name":"wp","href":"https:\/\/api.w.org\/{rel}","templated":true}]}}