{"id":460,"date":"2021-05-19T10:42:54","date_gmt":"2021-05-19T08:42:54","guid":{"rendered":"https:\/\/www.vsopcine.it\/wp\/?page_id=460"},"modified":"2021-11-30T17:33:57","modified_gmt":"2021-11-30T16:33:57","slug":"srednji-soli","status":"publish","type":"page","link":"https:\/\/www.vsopcine.it\/wp\/srednji-soli\/","title":{"rendered":"SREDNJI \u0160OLI"},"content":{"rendered":"\n<div class=\"wp-block-group school-block mid\"><div class=\"wp-block-group__inner-container is-layout-flow wp-block-group-is-layout-flow\">\n<div class=\"wp-block-columns is-layout-flex wp-container-core-columns-is-layout-9d6595d7 wp-block-columns-is-layout-flex\">\n<div class=\"wp-block-column is-layout-flow wp-block-column-is-layout-flow\">\n<div class=\"wp-block-columns is-layout-flex wp-container-core-columns-is-layout-9d6595d7 wp-block-columns-is-layout-flex\">\n<div class=\"wp-block-column is-layout-flow wp-block-column-is-layout-flow\">\n<figure class=\"wp-block-image size-large\"><img loading=\"lazy\" decoding=\"async\" width=\"1024\" height=\"722\" src=\"https:\/\/www.vsopcine.it\/wp\/wp-content\/uploads\/Znak-Kosovel-ok-1024x722.jpg\" alt=\"\" class=\"wp-image-3345\" srcset=\"https:\/\/www.vsopcine.it\/wp\/wp-content\/uploads\/Znak-Kosovel-ok-1024x722.jpg 1024w, https:\/\/www.vsopcine.it\/wp\/wp-content\/uploads\/Znak-Kosovel-ok-300x211.jpg 300w, https:\/\/www.vsopcine.it\/wp\/wp-content\/uploads\/Znak-Kosovel-ok-768x541.jpg 768w, https:\/\/www.vsopcine.it\/wp\/wp-content\/uploads\/Znak-Kosovel-ok-1536x1083.jpg 1536w, https:\/\/www.vsopcine.it\/wp\/wp-content\/uploads\/Znak-Kosovel-ok-2048x1444.jpg 2048w, https:\/\/www.vsopcine.it\/wp\/wp-content\/uploads\/Znak-Kosovel-ok-16x12.jpg 16w\" sizes=\"auto, (max-width: 1024px) 100vw, 1024px\" \/><\/figure>\n<\/div>\n\n\n\n<div class=\"wp-block-column is-vertically-aligned-center is-layout-flow wp-block-column-is-layout-flow\">\n<p class=\"has-small-font-size\"><strong>Sre\u010dko Kosovel<\/strong><br>Bazovi\u0161ka ulica 7<br>34151 Op\u010dine<br><a href=\"tel:+39040211063\">Tel.\/Fax: +39 040 211063<\/a><br><a href=\"mailto:nss.kosovel@vsopcine.edu.it\">nss.kosovel@vsopcine.edu.it<\/a><\/p>\n<\/div>\n<\/div>\n<\/div>\n\n\n\n<div class=\"wp-block-column is-vertically-aligned-center is-layout-flow wp-block-column-is-layout-flow\">\n<p><strong>URNIK<\/strong><br><\/p>\n\n\n\n<p>1.A, 2A, 2.B, 3.A, 3.B: 8.00 \u2013 14:25<br>1.B: ponedeljek, sreda, petek: 8:00-14:25; torek, \u010detrtek: 8:00-15:42<\/p>\n<\/div>\n<\/div>\n\n\n\n<p>Na\u0161a \u0161ola se nahaja v sredi\u0161\u010du Op\u010din v bli\u017eini avtobusnih postaj. Zaradi njene lege jo obiskujejo prete\u017eno u\u010denci z Op\u010din in zahodnega Krasa. Visoko \u0161tevilo vpisanih otrok zagotavlja vsako \u0161olsko leto dve paralelki, tako da bomo letos poskusno uvedli v enem prvem razredu spremenjen urnik, po katerem bo imel omenjeni razred dva tedenska podalj\u0161ka, ostale dni pa bo pouk kon\u010dal 6. u\u010dno uro.<\/p>\n\n\n\n<p>&nbsp;V zadnjem letu smo na \u0161oli opremili povsem novo ra\u010dunalni\u0161ko u\u010dilnico, ki jo u\u010denci uporabljajo pri raznih \u0161olskih predmetih. Poleg ra\u010dunalni\u0161ke u\u010dilnice ima na\u0161a \u0161ola tudi likovno in glasbeno u\u010dilnico. Med odmori hodijo otroci na \u0161olski vrt. Na \u0161oli se izvajajo razni projekti in pobude, tudi v sodelovanju z okoljskimi ustanovami. Pobrateni smo z Osnovno \u0161olo Sre\u010dka Kosovela iz Se\u017eane, s katero se enkrat letno sre\u010dujemo.<\/p>\n<\/div><\/div>\n\n\n\n<div class=\"wp-block-group school-block mid\"><div class=\"wp-block-group__inner-container is-layout-flow wp-block-group-is-layout-flow\">\n<div class=\"wp-block-columns is-layout-flex wp-container-core-columns-is-layout-9d6595d7 wp-block-columns-is-layout-flex\">\n<div class=\"wp-block-column is-layout-flow wp-block-column-is-layout-flow\">\n<div class=\"wp-block-columns is-layout-flex wp-container-core-columns-is-layout-9d6595d7 wp-block-columns-is-layout-flex\">\n<div class=\"wp-block-column is-layout-flow wp-block-column-is-layout-flow\">\n<figure class=\"wp-block-image size-large\"><img loading=\"lazy\" decoding=\"async\" width=\"1024\" height=\"722\" src=\"https:\/\/www.vsopcine.it\/wp\/wp-content\/uploads\/Znak-Levstik-ok-1024x722.jpg\" alt=\"\" class=\"wp-image-3346\" srcset=\"https:\/\/www.vsopcine.it\/wp\/wp-content\/uploads\/Znak-Levstik-ok-1024x722.jpg 1024w, https:\/\/www.vsopcine.it\/wp\/wp-content\/uploads\/Znak-Levstik-ok-300x211.jpg 300w, https:\/\/www.vsopcine.it\/wp\/wp-content\/uploads\/Znak-Levstik-ok-768x541.jpg 768w, https:\/\/www.vsopcine.it\/wp\/wp-content\/uploads\/Znak-Levstik-ok-1536x1083.jpg 1536w, https:\/\/www.vsopcine.it\/wp\/wp-content\/uploads\/Znak-Levstik-ok-2048x1444.jpg 2048w, https:\/\/www.vsopcine.it\/wp\/wp-content\/uploads\/Znak-Levstik-ok-16x12.jpg 16w\" sizes=\"auto, (max-width: 1024px) 100vw, 1024px\" \/><\/figure>\n<\/div>\n\n\n\n<div class=\"wp-block-column is-vertically-aligned-center is-layout-flow wp-block-column-is-layout-flow\">\n<p class=\"has-small-font-size\"><strong>Fran Levstik<\/strong><br>Prosek 595<br><a href=\"tel:+39040251314\">Tel.\/Fax: +39 040 251314<\/a><br><a href=\"mailto:nss.levstik@vsopcine.edu.it\">nss.levstik@vsopcine.edu.it<\/a><\/p>\n<\/div>\n<\/div>\n<\/div>\n\n\n\n<div class=\"wp-block-column is-vertically-aligned-center is-layout-flow wp-block-column-is-layout-flow\">\n<p><strong>URNIK<\/strong><br>7.55 \u2013 14.20<\/p>\n<\/div>\n<\/div>\n\n\n\n<p class=\"has-grigio-color has-text-color\">Na\u0161a \u0161ola le\u017ei v sredi\u0161\u010du Proseka, tako da je z lahkoto dosegljiva tudi otrokom, ki prihajajo iz barkovljanske osnovne \u0161ole. Posebnost \u0161ole je, da je dokaj nova stavba obdana z velikim \u0161olskim vrtom, na katerega gredo u\u010denci med odmori, da se med malico in igrami z \u017eogo nekoliko razbremenijo.<\/p>\n\n\n\n<p class=\"has-grigio-color has-text-color\">Na \u0161oli izvajamo razli\u010dne projekte, ki so zlasti vezani na ekologijo in zdrav \u017eivljenjski slog. Vsako leto u\u010denci sodelujejo pri va\u0161kem prazniku Sv. Martina, za katerega pripravljajo izdelke, ki jih potem ponujajo obiskovalcem sejma. Poleg telovadnice ima na\u0161a \u0161ola \u0161e u\u010dilnice tehnologije, angle\u0161\u010dine, likovne in glasbene, tako da poteka reden pouk v razli\u010dnih \u0161olskih prostorih.<\/p>\n<\/div><\/div>\n","protected":false},"excerpt":{"rendered":"<p>Sre\u010dko KosovelBazovi\u0161ka ulica 734151 Op\u010dineTel.\/Fax: +39 040 211063nss.kosovel@vsopcine.edu.it URNIK 1.A, 2A, 2.B, 3.A, 3.B: 8.00 \u2013 14:251.B: ponedeljek, sreda, petek: 8:00-14:25; torek, \u010detrtek: 8:00-15:42 Na\u0161a &#8230; <\/p>\n","protected":false},"author":15,"featured_media":0,"parent":0,"menu_order":0,"comment_status":"closed","ping_status":"closed","template":"page-sidebar.php","meta":{"_mi_skip_tracking":false,"footnotes":""},"class_list":["post-460","page","type-page","status-publish","hentry"],"_links":{"self":[{"href":"https:\/\/www.vsopcine.it\/wp\/wp-json\/wp\/v2\/pages\/460","targetHints":{"allow":["GET"]}}],"collection":[{"href":"https:\/\/www.vsopcine.it\/wp\/wp-json\/wp\/v2\/pages"}],"about":[{"href":"https:\/\/www.vsopcine.it\/wp\/wp-json\/wp\/v2\/types\/page"}],"author":[{"embeddable":true,"href":"https:\/\/www.vsopcine.it\/wp\/wp-json\/wp\/v2\/users\/15"}],"replies":[{"embeddable":true,"href":"https:\/\/www.vsopcine.it\/wp\/wp-json\/wp\/v2\/comments?post=460"}],"version-history":[{"count":13,"href":"https:\/\/www.vsopcine.it\/wp\/wp-json\/wp\/v2\/pages\/460\/revisions"}],"predecessor-version":[{"id":4415,"href":"https:\/\/www.vsopcine.it\/wp\/wp-json\/wp\/v2\/pages\/460\/revisions\/4415"}],"wp:attachment":[{"href":"https:\/\/www.vsopcine.it\/wp\/wp-json\/wp\/v2\/media?parent=460"}],"curies":[{"name":"wp","href":"https:\/\/api.w.org\/{rel}","templated":true}]}}