{"id":39,"date":"2021-05-17T12:40:17","date_gmt":"2021-05-17T10:40:17","guid":{"rendered":"https:\/\/www.vsopcine.it\/wp\/?page_id=39"},"modified":"2021-10-12T10:18:50","modified_gmt":"2021-10-12T08:18:50","slug":"kdo-smo","status":"publish","type":"page","link":"https:\/\/www.vsopcine.it\/wp\/kdo-smo\/","title":{"rendered":"KDO SMO"},"content":{"rendered":"\n<p>Ve\u010dstopenjska \u0161ola Op\u010dine zdru\u017euje otro\u0161ke vrtce in \u0161ole s slovenskim u\u010dnim jezikom, ki delujejo na tr\u017ea\u0161kem Krasu od Kri\u017ea do Bazovice: 6 otro\u0161kih vrtcev in 6 osnovnih \u0161ol ter 2 ni\u017eji srednji \u0161oli.<\/p>\n\n\n\n<p>Vse \u0161ole in vrtci so tesno povezani z va\u0161ko stvarnostjo, v kateri delujejo, in so njen temeljni \u010dlen. Radi sodelujejo z va\u0161kimi kulturnimi in \u0161portnimi dru\u0161tvi. Vedno bolj postajajo tudi ve\u010dkulturno sti\u010di\u0161\u010de slovenske in italijanske stvarnosti, saj se vanje vpisuje vedno ve\u010d otrok, ki prihajajo iz dvojezi\u010dnih zakonov oziroma izklju\u010dno italijanskih dru\u017ein.<\/p>\n\n\n\n<p>Ve\u010dstopenjska \u0161ola stremi po povezovanju posameznih \u0161ol in vrtcev, ki delujejo v razli\u010dnih okoljih, a imajo poenotene u\u010dne na\u010drte in smernice.<\/p>\n\n\n\n<p class=\"has-text-align-center\">Na\u0161 skupni moto je<\/p>\n\n\n\n<p class=\"has-text-align-center\">&nbsp;<strong>POVEZANI MED SEBOJ V ZDRAVI EKO IN SPO\u0160TLJIVI \u0160OLI<\/strong><\/p>\n","protected":false},"excerpt":{"rendered":"<p>Ve\u010dstopenjska \u0161ola Op\u010dine zdru\u017euje otro\u0161ke vrtce in \u0161ole s slovenskim u\u010dnim jezikom, ki delujejo na tr\u017ea\u0161kem Krasu od Kri\u017ea do Bazovice: 6 otro\u0161kih vrtcev in &#8230; <\/p>\n","protected":false},"author":15,"featured_media":0,"parent":0,"menu_order":0,"comment_status":"closed","ping_status":"closed","template":"page-sidebar.php","meta":{"_mi_skip_tracking":false,"footnotes":""},"class_list":["post-39","page","type-page","status-publish","hentry"],"_links":{"self":[{"href":"https:\/\/www.vsopcine.it\/wp\/wp-json\/wp\/v2\/pages\/39","targetHints":{"allow":["GET"]}}],"collection":[{"href":"https:\/\/www.vsopcine.it\/wp\/wp-json\/wp\/v2\/pages"}],"about":[{"href":"https:\/\/www.vsopcine.it\/wp\/wp-json\/wp\/v2\/types\/page"}],"author":[{"embeddable":true,"href":"https:\/\/www.vsopcine.it\/wp\/wp-json\/wp\/v2\/users\/15"}],"replies":[{"embeddable":true,"href":"https:\/\/www.vsopcine.it\/wp\/wp-json\/wp\/v2\/comments?post=39"}],"version-history":[{"count":16,"href":"https:\/\/www.vsopcine.it\/wp\/wp-json\/wp\/v2\/pages\/39\/revisions"}],"predecessor-version":[{"id":3705,"href":"https:\/\/www.vsopcine.it\/wp\/wp-json\/wp\/v2\/pages\/39\/revisions\/3705"}],"wp:attachment":[{"href":"https:\/\/www.vsopcine.it\/wp\/wp-json\/wp\/v2\/media?parent=39"}],"curies":[{"name":"wp","href":"https:\/\/api.w.org\/{rel}","templated":true}]}}