{"id":3280,"date":"2021-08-17T11:09:01","date_gmt":"2021-08-17T09:09:01","guid":{"rendered":"https:\/\/www.vsopcine.it\/wp\/?page_id=3280"},"modified":"2022-12-28T16:14:26","modified_gmt":"2022-12-28T15:14:26","slug":"solska-glasila","status":"publish","type":"page","link":"https:\/\/www.vsopcine.it\/wp\/it\/solska-glasila\/","title":{"rendered":"GIORNALINI SCOLASTICI"},"content":{"rendered":"<div class=\"wp-block-file\"><a id=\"wp-block-file--media-8e4974bc-bec5-4bf9-9f05-50b1d0ceb03d\" href=\"https:\/\/www.vsopcine.it\/wp\/wp-content\/uploads\/Solski-casopis-junij-2021-DEF-compressed.pdf\">\u0160olski \u010dasopis junij 2021 DEF-compressed<\/a><a href=\"https:\/\/www.vsopcine.it\/wp\/wp-content\/uploads\/Solski-casopis-junij-2021-DEF-compressed.pdf\" class=\"wp-block-file__button wp-element-button\" download aria-describedby=\"wp-block-file--media-8e4974bc-bec5-4bf9-9f05-50b1d0ceb03d\">Download<\/a><\/div>\n\n\n\n<div class=\"wp-block-file\"><a id=\"wp-block-file--media-f30fef80-20d3-471a-9906-cb94b4820cfa\" href=\"https:\/\/www.vsopcine.it\/wp\/wp-content\/uploads\/MINI-ZAJCEK_VRTEC-2020-21_lowres.pdf\">MINI ZAJ\u010cEK_VRTEC 2020-21_lowres<\/a><a href=\"https:\/\/www.vsopcine.it\/wp\/wp-content\/uploads\/MINI-ZAJCEK_VRTEC-2020-21_lowres.pdf\" class=\"wp-block-file__button wp-element-button\" download aria-describedby=\"wp-block-file--media-f30fef80-20d3-471a-9906-cb94b4820cfa\">Download<\/a><\/div>\n\n\n\n<div class=\"wp-block-file\"><a id=\"wp-block-file--media-7101ece2-0300-4e4b-be14-ff8155a1943e\" href=\"https:\/\/www.vsopcine.it\/wp\/wp-content\/uploads\/glasilo-ZIV-ZAV-2021_small.pdf\">glasilo ZIV ZAV 2021_small<\/a><a href=\"https:\/\/www.vsopcine.it\/wp\/wp-content\/uploads\/glasilo-ZIV-ZAV-2021_small.pdf\" class=\"wp-block-file__button wp-element-button\" download aria-describedby=\"wp-block-file--media-7101ece2-0300-4e4b-be14-ff8155a1943e\">Download<\/a><\/div>\n\n\n\n<div class=\"wp-block-file\"><a id=\"wp-block-file--media-b9c520c4-fdde-4beb-99cb-35c43955bfaa\" href=\"https:\/\/www.vsopcine.it\/wp\/wp-content\/uploads\/Kras-na_2022.pdf\">Kras-na 2022 &#8211; Izdaja ob koncu \u0161olskega leta!<\/a><a href=\"https:\/\/www.vsopcine.it\/wp\/wp-content\/uploads\/Kras-na_2022.pdf\" class=\"wp-block-file__button wp-element-button\" download aria-describedby=\"wp-block-file--media-b9c520c4-fdde-4beb-99cb-35c43955bfaa\">Prenos<\/a><\/div>\n\n\n\n<div class=\"wp-block-file\"><a id=\"wp-block-file--media-d486638e-ed9c-45ac-903e-27b6e24e5624\" href=\"https:\/\/www.vsopcine.it\/wp\/wp-content\/uploads\/Scinkavec-st.-1_2022.pdf\" target=\"_blank\" rel=\"noreferrer noopener\">\u0160\u010dinkavec &#8211; Glasilo Ve\u010dstopenjske \u0161ole na Op\u010dinah<\/a><a href=\"https:\/\/www.vsopcine.it\/wp\/wp-content\/uploads\/Scinkavec-st.-1_2022.pdf\" class=\"wp-block-file__button wp-element-button\" download aria-describedby=\"wp-block-file--media-d486638e-ed9c-45ac-903e-27b6e24e5624\">Download<\/a><\/div>","protected":false},"excerpt":{"rendered":"","protected":false},"author":15,"featured_media":0,"parent":0,"menu_order":0,"comment_status":"closed","ping_status":"closed","template":"page-sidebar.php","meta":{"_mi_skip_tracking":false,"footnotes":""},"class_list":["post-3280","page","type-page","status-publish","hentry"],"_links":{"self":[{"href":"https:\/\/www.vsopcine.it\/wp\/it\/wp-json\/wp\/v2\/pages\/3280","targetHints":{"allow":["GET"]}}],"collection":[{"href":"https:\/\/www.vsopcine.it\/wp\/it\/wp-json\/wp\/v2\/pages"}],"about":[{"href":"https:\/\/www.vsopcine.it\/wp\/it\/wp-json\/wp\/v2\/types\/page"}],"author":[{"embeddable":true,"href":"https:\/\/www.vsopcine.it\/wp\/it\/wp-json\/wp\/v2\/users\/15"}],"replies":[{"embeddable":true,"href":"https:\/\/www.vsopcine.it\/wp\/it\/wp-json\/wp\/v2\/comments?post=3280"}],"version-history":[{"count":10,"href":"https:\/\/www.vsopcine.it\/wp\/it\/wp-json\/wp\/v2\/pages\/3280\/revisions"}],"predecessor-version":[{"id":6601,"href":"https:\/\/www.vsopcine.it\/wp\/it\/wp-json\/wp\/v2\/pages\/3280\/revisions\/6601"}],"wp:attachment":[{"href":"https:\/\/www.vsopcine.it\/wp\/it\/wp-json\/wp\/v2\/media?parent=3280"}],"curies":[{"name":"wp","href":"https:\/\/api.w.org\/{rel}","templated":true}]}}