{"id":1873,"date":"2021-06-15T11:46:15","date_gmt":"2021-06-15T09:46:15","guid":{"rendered":"https:\/\/www.vsopcine.it\/wp\/?page_id=1873"},"modified":"2021-06-15T11:48:23","modified_gmt":"2021-06-15T09:48:23","slug":"razpis-projektanta-in-tehnicega-preizkusevalca-pon-digitalne-tehnike-v-soli","status":"publish","type":"page","link":"https:\/\/www.vsopcine.it\/wp\/it\/razpis-projektanta-in-tehnicega-preizkusevalca-pon-digitalne-tehnike-v-soli\/","title":{"rendered":"BANDO PER PROGETTISTA E COLLAUDATORE PON \" Tecniche digitali a scuola\""},"content":{"rendered":"<p>In allegato il Bando rivolto al personale dell'Istituto Comprensivo Opicina - Op\u010dine. Il termine per la presentazione delle domande scade il giorno 16\/05\/2016.<\/p>\n\n\n\n<p><strong>Allegati:<\/strong><\/p>\n\n\n<div class='w3eden'><!-- WPDM Link Template: Default Template -->\n\n<div class=\"link-template-default card mb-2\">\n    <div class=\"card-body\">\n        <div class=\"media\">\n            <div class=\"mr-3 img-48\"><img decoding=\"async\" class=\"wpdm_icon\" alt=\"Icona\" src=\"https:\/\/www.vsopcine.it\/wp\/wp-content\/plugins\/download-manager\/assets\/file-type-icons\/pdf.svg\" \/><\/div>\n            <div class=\"media-body\">\n                <h3 class=\"package-title\"><a href='https:\/\/www.vsopcine.it\/wp\/it\/download\/bando-progettista-e-collaudatore\/'>Bando progettista e collaudatore<\/a><\/h3>\n                <div class=\"text-muted text-small\"><i class=\"fas fa-copy\"><\/i> 1 file(s) <i class=\"fas fa-hdd ml-3\"><\/i> 142.56 KB<\/div>\n            <\/div>\n            <div class=\"ml-3\">\n                <a class='wpdm-download-link download-on-click btn btn-primary btn-sm' rel='nofollow' href='#' data-downloadurl=\"https:\/\/www.vsopcine.it\/wp\/it\/download\/bando-progettista-e-collaudatore\/?wpdmdl=1872&refresh=69f86411693bd1777886225\">Scarica<\/a>\n            <\/div>\n        <\/div>\n    <\/div>\n<\/div>\n\n<\/div>","protected":false},"excerpt":{"rendered":"<p>V priponki je razpis namenjen osebju Ve\u010dstopenjske \u0161ole Op\u010dine. Rok za predlo\u017eitev vlog zapade 16.5.2016. Priponka:<\/p>","protected":false},"author":15,"featured_media":0,"parent":0,"menu_order":0,"comment_status":"closed","ping_status":"closed","template":"page-sidebar.php","meta":{"_mi_skip_tracking":false,"footnotes":""},"class_list":["post-1873","page","type-page","status-publish","hentry"],"_links":{"self":[{"href":"https:\/\/www.vsopcine.it\/wp\/it\/wp-json\/wp\/v2\/pages\/1873","targetHints":{"allow":["GET"]}}],"collection":[{"href":"https:\/\/www.vsopcine.it\/wp\/it\/wp-json\/wp\/v2\/pages"}],"about":[{"href":"https:\/\/www.vsopcine.it\/wp\/it\/wp-json\/wp\/v2\/types\/page"}],"author":[{"embeddable":true,"href":"https:\/\/www.vsopcine.it\/wp\/it\/wp-json\/wp\/v2\/users\/15"}],"replies":[{"embeddable":true,"href":"https:\/\/www.vsopcine.it\/wp\/it\/wp-json\/wp\/v2\/comments?post=1873"}],"version-history":[{"count":3,"href":"https:\/\/www.vsopcine.it\/wp\/it\/wp-json\/wp\/v2\/pages\/1873\/revisions"}],"predecessor-version":[{"id":1877,"href":"https:\/\/www.vsopcine.it\/wp\/it\/wp-json\/wp\/v2\/pages\/1873\/revisions\/1877"}],"wp:attachment":[{"href":"https:\/\/www.vsopcine.it\/wp\/it\/wp-json\/wp\/v2\/media?parent=1873"}],"curies":[{"name":"wp","href":"https:\/\/api.w.org\/{rel}","templated":true}]}}