{"id":1434,"date":"2021-06-07T15:42:10","date_gmt":"2021-06-07T13:42:10","guid":{"rendered":"https:\/\/www.vsopcine.it\/wp\/?page_id=1434"},"modified":"2021-11-12T11:16:00","modified_gmt":"2021-11-12T10:16:00","slug":"amministrazione-trasparente","status":"publish","type":"page","link":"https:\/\/www.vsopcine.it\/wp\/it\/amministrazione-trasparente\/","title":{"rendered":"Amministrazione trasparente"},"content":{"rendered":"<p>La sezione denominata &#8220;Amministrazione trasparente&#8221; \u00e8 organizzata in sotto-sezioni di Livello 1 e Livello 2 all&#8217;interno delle quali sono inseriti i documenti, le informazioni e i dati previsti dal Decreto legislativo &#8211; 14 marzo 2013, n. 33.<br>Note privacy: I dati sono liberamente fruibili secondo quanto previsto dal D.Lgs. 196\/2003 &#8220;Codice in materia di protezione dei dati personali&#8221;. Nei casi in cui fosse necessario il riutilizzo di tali dati, si deve chiedere il consenso alla Dirigenza di questa scuola per la loro ripubblicazione.<\/p>\n\n\n\n<figure class=\"wp-block-embed is-type-wp-embed is-provider-ce-zelite-da-bi-bili-vasi-otroci-bistri-jim-pripovedujte-pravljice-ce-zelite-da-bi-bili-vasi-otroci-izjemno-bistri-jim-pripovedujte-se-vec-pravljic-albert-einstein wp-block-embed-ce-zelite-da-bi-bili-vasi-otroci-bistri-jim-pripovedujte-pravljice-ce-zelite-da-bi-bili-vasi-otroci-izjemno-bistri-jim-pripovedujte-se-vec-pravljic-albert-einstein full-width\"><div class=\"wp-block-embed__wrapper\">\n<blockquote class=\"wp-embedded-content\" data-secret=\"DaOXtFjtde\"><a href=\"https:\/\/www.vsopcine.it\/wp\/it\/amm-trasparente\/trasparenza\/\">Trasparenza<\/a><\/blockquote><iframe loading=\"lazy\" class=\"wp-embedded-content\" sandbox=\"allow-scripts\" security=\"restricted\" style=\"position: absolute; clip: rect(1px, 1px, 1px, 1px);\" title=\"&#8220;Trasparenza&#8221; &#8212; \u010cE \u017dELITE, DA BI BILI VA\u0160I OTROCI BISTRI, JIM PRIPOVEDUJTE PRAVLJICE. \u010cE \u017dELITE, DA BI BILI VA\u0160I OTROCI IZJEMNO BISTRI, JIM PRIPOVEDUJTE \u0160E VE\u010c PRAVLJIC. (Albert Einstein)\" src=\"https:\/\/www.vsopcine.it\/wp\/amm-trasparente\/trasparenza\/embed\/#?secret=z11nLsnhY0#?secret=DaOXtFjtde\" data-secret=\"DaOXtFjtde\" width=\"600\" height=\"338\" frameborder=\"0\" marginwidth=\"0\" marginheight=\"0\" scrolling=\"no\"><\/iframe>\n<\/div><\/figure>\n\n\n\n<div style=\"height:70px\" aria-hidden=\"true\" class=\"wp-block-spacer\"><\/div>\n\n\n\r\n<style type=\"text\/css\">\r\n.at-tableclass {width:49%;float:left;padding:0px 0px 0px 5px;position:relative;min-width: 200px;}\r\n#at-s-23 { width:98%;float:left; }\r\n.at-tableclass h3 a { text-decoration:none; cursor: default; }\r\n.at-tableclass h3 {  border: 1px solid #eee; padding: 8px 10px; background: #FBFBFB; }\r\n.at-tableclass ul li a { text-decoration: none; }\r\n.at-number { float: right;\r\n  border-radius: 20px;\r\n  background-color: white;\r\n  height: 20px;\r\n  width: 20px;\r\n  border: 1px solid #eee;\r\n  text-align: center;\r\n  font-size: 0.8em;\r\n  font-weight: bold; }\r\n<\/style>\r\n<!-- Generato con il Plugin Wordpress Amministrazione Trasparente v.7.2.3--><div class=\"at-tableclass\" id=\"at-s-1\"><h3><div class=\"at-number\">12<\/div><a id=\"disposizionigenerali\" href=\"#disposizionigenerali\">Disposizioni Generali<\/a><\/h3><ul><li ><a href=\"https:\/\/www.vsopcine.it\/wp\/it\/trasparenza\/piano-triennale-per-la-prevenzione-della-corruzione-e-della-trasparenza\/\" title=\"Piano triennale per la prevenzione della corruzione e della trasparenza\">Piano triennale per la prevenzione della corruzione e della trasparenza<\/a><\/li><li ><a href=\"https:\/\/www.vsopcine.it\/wp\/it\/trasparenza\/atti-generali\/\" title=\"Atti generali\">Atti generali<\/a><\/li><li style=\"opacity: 0.5;\"><a href=\"https:\/\/www.vsopcine.it\/wp\/it\/trasparenza\/oneri-informativi-per-cittadini-e-imprese\/\" title=\"Oneri informativi per cittadini e imprese\">Oneri informativi per cittadini e imprese<\/a><\/li><\/ul><\/div><div class=\"at-tableclass\" id=\"at-s-2\"><h3><div class=\"at-number\">5<\/div><a id=\"organizzazione\" href=\"#organizzazione\">Organizzazione<\/a><\/h3><ul><li ><a href=\"https:\/\/www.vsopcine.it\/wp\/it\/trasparenza\/titolari-di-incarichi-politici-di-amministrazione-di-direzione-o-di-governo\/\" title=\"Titolari di incarichi politici, di amministrazione, di direzione o di governo\">Titolari di incarichi politici, di amministrazione, di direzione o di governo<\/a><\/li><li style=\"opacity: 0.5;\"><a href=\"https:\/\/www.vsopcine.it\/wp\/it\/trasparenza\/sanzioni-per-mancata-comunicazione-dei-dati\/\" title=\"Sanzioni per mancata comunicazione dei dati\">Sanzioni per mancata comunicazione dei dati<\/a><\/li><li style=\"opacity: 0.5;\"><a href=\"https:\/\/www.vsopcine.it\/wp\/it\/trasparenza\/rendiconti-gruppi-consiliari-regionali-provinciali\/\" title=\"Rendiconti gruppi consiliari regionali\/provinciali\">Rendiconti gruppi consiliari regionali\/provinciali<\/a><\/li><li ><a href=\"https:\/\/www.vsopcine.it\/wp\/it\/trasparenza\/articolazione-degli-uffici\/\" title=\"Articolazione degli uffici\">Articolazione degli uffici<\/a><\/li><li ><a href=\"https:\/\/www.vsopcine.it\/wp\/it\/trasparenza\/telefono-e-posta-elettronica\/\" title=\"Telefono e posta elettronica\">Telefono e posta elettronica<\/a><\/li><\/ul><\/div><div class=\"clear\"><\/div><div class=\"at-tableclass\" id=\"at-s-3\"><h3><div class=\"at-number\">24<\/div><a id=\"consulentiecollaboratori\" href=\"#consulentiecollaboratori\">Consulenti e collaboratori<\/a><\/h3><ul><li ><a href=\"https:\/\/www.vsopcine.it\/wp\/it\/trasparenza\/titolari-di-incarichi-di-collaborazione-o-consulenza\/\" title=\"Titolari di incarichi di collaborazione o consulenza\">Titolari di incarichi di collaborazione o consulenza<\/a><\/li><\/ul><\/div><div class=\"at-tableclass\" id=\"at-s-4\"><h3><div class=\"at-number\">18<\/div><a id=\"personale\" href=\"#personale\">Personale<\/a><\/h3><ul><li ><a href=\"https:\/\/www.vsopcine.it\/wp\/it\/trasparenza\/titolari-di-incarichi-dirigenziali-amministrativi-di-vertice\/\" title=\"Titolari di incarichi dirigenziali amministrativi di vertice\">Titolari di incarichi dirigenziali amministrativi di vertice<\/a><\/li><li style=\"opacity: 0.5;\"><a href=\"https:\/\/www.vsopcine.it\/wp\/it\/trasparenza\/titolari-di-incarichi-dirigenziali-dirigenti-non-generali\/\" title=\"Titolari di incarichi dirigenziali (dirigenti non generali)\">Titolari di incarichi dirigenziali (dirigenti non generali)<\/a><\/li><li style=\"opacity: 0.5;\"><a href=\"https:\/\/www.vsopcine.it\/wp\/it\/trasparenza\/dirigenti-cessati\/\" title=\"Dirigenti cessati\">Dirigenti cessati<\/a><\/li><li style=\"opacity: 0.5;\"><a href=\"https:\/\/www.vsopcine.it\/wp\/it\/trasparenza\/posizioni-organizzative\/\" title=\"Posizioni organizzative\">Posizioni organizzative<\/a><\/li><li ><a href=\"https:\/\/www.vsopcine.it\/wp\/it\/trasparenza\/dotazione-organica\/\" title=\"Dotazione organica\">Dotazione organica<\/a><\/li><li ><a href=\"https:\/\/www.vsopcine.it\/wp\/it\/trasparenza\/personale-non-a-tempo-indeterminato\/\" title=\"Personale non a tempo indeterminato\">Personale non a tempo indeterminato<\/a><\/li><li ><a href=\"https:\/\/www.vsopcine.it\/wp\/it\/trasparenza\/tassi-di-assenza\/\" title=\"Tassi di assenza\">Tassi di assenza<\/a><\/li><li ><a href=\"https:\/\/www.vsopcine.it\/wp\/it\/trasparenza\/incarichi-conferiti-e-autorizzati-ai-dipendenti-dirigenti-e-non-dirigenti\/\" title=\"Incarichi conferiti e autorizzati ai dipendenti (dirigenti e non dirigenti)\">Incarichi conferiti e autorizzati ai dipendenti (dirigenti e non dirigenti)<\/a><\/li><li ><a href=\"https:\/\/www.vsopcine.it\/wp\/it\/trasparenza\/contrattazione-collettiva\/\" title=\"Contrattazione collettiva\">Contrattazione collettiva<\/a><\/li><li ><a href=\"https:\/\/www.vsopcine.it\/wp\/it\/trasparenza\/contrattazione-integrativa\/\" title=\"Contrattazione integrativa\">Contrattazione integrativa<\/a><\/li><li style=\"opacity: 0.5;\"><a href=\"https:\/\/www.vsopcine.it\/wp\/it\/trasparenza\/oiv\/\" title=\"OIV\">OIV<\/a><\/li><\/ul><\/div><div class=\"clear\"><\/div><div class=\"at-tableclass\" id=\"at-s-5\"><h3><div class=\"at-number\">0<\/div><a id=\"bandidiconcorso\" href=\"#bandidiconcorso\">Bandi di Concorso<\/a><\/h3><ul><li style=\"opacity: 0.5;\"><a href=\"https:\/\/www.vsopcine.it\/wp\/it\/trasparenza\/bandi-di-concorso\/\" title=\"Bandi di Concorso\">Bandi di Concorso<\/a><\/li><\/ul><\/div><div class=\"at-tableclass\" id=\"at-s-6\"><h3><div class=\"at-number\">0<\/div><a id=\"performance\" href=\"#performance\">Performance<\/a><\/h3><ul><li style=\"opacity: 0.5;\"><a href=\"https:\/\/www.vsopcine.it\/wp\/it\/trasparenza\/sistema-di-misurazione-e-valutazione-della-performance\/\" title=\"Sistema di misurazione e valutazione della Performance\">Sistema di misurazione e valutazione della Performance<\/a><\/li><li style=\"opacity: 0.5;\"><a href=\"https:\/\/www.vsopcine.it\/wp\/it\/trasparenza\/piano-della-performance\/\" title=\"Piano della Performance\">Piano della Performance<\/a><\/li><li style=\"opacity: 0.5;\"><a href=\"https:\/\/www.vsopcine.it\/wp\/it\/trasparenza\/relazione-sulla-performance\/\" title=\"Relazione sulla Performance\">Relazione sulla Performance<\/a><\/li><li style=\"opacity: 0.5;\"><a href=\"https:\/\/www.vsopcine.it\/wp\/it\/trasparenza\/documento-delloiv-di-validazione-della-relazione-sulla-performance\/\" title=\"Documento dell&#039;OIV di validazione della Relazione sulla Performance\">Documento dell&#039;OIV di validazione della Relazione sulla Performance<\/a><\/li><li style=\"opacity: 0.5;\"><a href=\"https:\/\/www.vsopcine.it\/wp\/it\/trasparenza\/ammontare-complessivo-dei-premi\/\" title=\"Ammontare complessivo dei premi\">Ammontare complessivo dei premi<\/a><\/li><li style=\"opacity: 0.5;\"><a href=\"https:\/\/www.vsopcine.it\/wp\/it\/trasparenza\/dati-relativi-ai-premi\/\" title=\"Dati relativi ai premi\">Dati relativi ai premi<\/a><\/li><\/ul><\/div><div class=\"clear\"><\/div><div class=\"at-tableclass\" id=\"at-s-7\"><h3><div class=\"at-number\">0<\/div><a id=\"enticontrollati\" href=\"#enticontrollati\">Enti controllati<\/a><\/h3><ul><li style=\"opacity: 0.5;\"><a href=\"https:\/\/www.vsopcine.it\/wp\/it\/trasparenza\/enti-pubblici-vigilati\/\" title=\"Enti pubblici vigilati\">Enti pubblici vigilati<\/a><\/li><li style=\"opacity: 0.5;\"><a href=\"https:\/\/www.vsopcine.it\/wp\/it\/trasparenza\/societa-partecipate\/\" title=\"Societ\u00e0 partecipate\">Societ\u00e0 partecipate<\/a><\/li><li style=\"opacity: 0.5;\"><a href=\"https:\/\/www.vsopcine.it\/wp\/it\/trasparenza\/enti-di-diritto-privato-controllati\/\" title=\"Enti di diritto privato controllati\">Enti di diritto privato controllati<\/a><\/li><li style=\"opacity: 0.5;\"><a href=\"https:\/\/www.vsopcine.it\/wp\/it\/trasparenza\/rappresentazione-grafica\/\" title=\"Rappresentazione grafica\">Rappresentazione grafica<\/a><\/li><\/ul><\/div><div class=\"at-tableclass\" id=\"at-s-8\"><h3><div class=\"at-number\">2<\/div><a id=\"attiviteprocedimenti\" href=\"#attiviteprocedimenti\">Attivit\u00e0 e procedimenti<\/a><\/h3><ul><li ><a href=\"https:\/\/www.vsopcine.it\/wp\/it\/trasparenza\/tipologie-di-procedimento\/\" title=\"Tipologie di procedimento\">Tipologie di procedimento<\/a><\/li><li style=\"opacity: 0.5;\"><a href=\"https:\/\/www.vsopcine.it\/wp\/it\/trasparenza\/dichiarazioni-sostitutive-e-acquisizione-dufficio-dei-dati\/\" title=\"Dichiarazioni sostitutive e acquisizione d&#039;ufficio dei dati\">Dichiarazioni sostitutive e acquisizione d&#039;ufficio dei dati<\/a><\/li><\/ul><\/div><div class=\"clear\"><\/div><div class=\"at-tableclass\" id=\"at-s-9\"><h3><div class=\"at-number\">17<\/div><a id=\"provvedimenti\" href=\"#provvedimenti\">Provvedimenti<\/a><\/h3><ul><li style=\"opacity: 0.5;\"><a href=\"https:\/\/www.vsopcine.it\/wp\/it\/trasparenza\/provvedimenti-organi-indirizzo-politico\/\" title=\"Provvedimenti organi indirizzo-politico\">Provvedimenti organi indirizzo-politico<\/a><\/li><li ><a href=\"https:\/\/www.vsopcine.it\/wp\/it\/trasparenza\/provvedimenti-dirigenti\/\" title=\"Provvedimenti dirigenti\">Provvedimenti dirigenti<\/a><\/li><\/ul><\/div><div class=\"at-tableclass\" id=\"at-s-10\"><h3><div class=\"at-number\">177<\/div><a id=\"bandidigaraecontratti\" href=\"#bandidigaraecontratti\">Bandi di gara e contratti<\/a><\/h3><ul><li ><a href=\"https:\/\/www.vsopcine.it\/wp\/it\/trasparenza\/atti-delle-amministrazioni-aggiudicatrici-e-degli-enti-aggiudicatori-distintamente-per-ogni-procedura\/\" title=\"Atti delle amministrazioni aggiudicatrici e degli enti aggiudicatori distintamente per ogni procedura\">Atti delle amministrazioni aggiudicatrici e degli enti aggiudicatori distintamente per ogni procedura<\/a><\/li><li ><a href=\"https:\/\/www.vsopcine.it\/wp\/it\/trasparenza\/informazioni-sulle-singole-procedure-in-formato-tabellare\/\" title=\"Informazioni sulle singole procedure in formato tabellare\">Informazioni sulle singole procedure in formato tabellare<\/a><\/li><\/ul><\/div><div class=\"clear\"><\/div><div class=\"at-tableclass\" id=\"at-s-11\"><h3><div class=\"at-number\">10<\/div><a id=\"sovvenzionicontributisussidivantaggieconomici\" href=\"#sovvenzionicontributisussidivantaggieconomici\">Sovvenzioni, contributi, sussidi, vantaggi economici<\/a><\/h3><ul><li ><a href=\"https:\/\/www.vsopcine.it\/wp\/it\/trasparenza\/criteri-e-modalita\/\" title=\"Criteri e modalit\u00e0\">Criteri e modalit\u00e0<\/a><\/li><li style=\"opacity: 0.5;\"><a href=\"https:\/\/www.vsopcine.it\/wp\/it\/trasparenza\/atti-di-concessione\/\" title=\"Atti di concessione\">Atti di concessione<\/a><\/li><\/ul><\/div><div class=\"at-tableclass\" id=\"at-s-12\"><h3><div class=\"at-number\">8<\/div><a id=\"bilanci\" href=\"#bilanci\">Bilanci<\/a><\/h3><ul><li ><a href=\"https:\/\/www.vsopcine.it\/wp\/it\/trasparenza\/bilancio-preventivo-e-consuntivo\/\" title=\"Bilancio preventivo e consuntivo\">Bilancio preventivo e consuntivo<\/a><\/li><li style=\"opacity: 0.5;\"><a href=\"https:\/\/www.vsopcine.it\/wp\/it\/trasparenza\/piano-degli-indicatori-e-risultati-attesi-di-bilancio\/\" title=\"Piano degli indicatori e risultati attesi di bilancio\">Piano degli indicatori e risultati attesi di bilancio<\/a><\/li><\/ul><\/div><div class=\"clear\"><\/div><div class=\"at-tableclass\" id=\"at-s-13\"><h3><div class=\"at-number\">0<\/div><a id=\"beniimmobiliegestionepatrimonio\" href=\"#beniimmobiliegestionepatrimonio\">Beni immobili e gestione patrimonio<\/a><\/h3><ul><li style=\"opacity: 0.5;\"><a href=\"https:\/\/www.vsopcine.it\/wp\/it\/trasparenza\/patrimonio-immobiliare\/\" title=\"Patrimonio immobiliare\">Patrimonio immobiliare<\/a><\/li><li style=\"opacity: 0.5;\"><a href=\"https:\/\/www.vsopcine.it\/wp\/it\/trasparenza\/canoni-di-locazione-o-affitto\/\" title=\"Canoni di locazione o affitto\">Canoni di locazione o affitto<\/a><\/li><\/ul><\/div><div class=\"at-tableclass\" id=\"at-s-14\"><h3><div class=\"at-number\">5<\/div><a id=\"controllierilievisullamministrazione\" href=\"#controllierilievisullamministrazione\">Controlli e rilievi sull&#039;amministrazione<\/a><\/h3><ul><li ><a href=\"https:\/\/www.vsopcine.it\/wp\/it\/trasparenza\/organismi-indipendenti-di-valutazione-nuclei-di-valutazione-o-altri-organismi-con-funzioni-analoghe\/\" title=\"Organismi indipendenti di valutazione, nuclei di valutazione o altri organismi con funzioni analoghe\">Organismi indipendenti di valutazione, nuclei di valutazione o altri organismi con funzioni analoghe<\/a><\/li><li ><a href=\"https:\/\/www.vsopcine.it\/wp\/it\/trasparenza\/organi-di-revisione-amministrativa-e-contabile\/\" title=\"Organi di revisione amministrativa e contabile\">Organi di revisione amministrativa e contabile<\/a><\/li><li style=\"opacity: 0.5;\"><a href=\"https:\/\/www.vsopcine.it\/wp\/it\/trasparenza\/corte-dei-conti\/\" title=\"Corte dei Conti\">Corte dei Conti<\/a><\/li><\/ul><\/div><div class=\"clear\"><\/div><div class=\"at-tableclass\" id=\"at-s-15\"><h3><div class=\"at-number\">1<\/div><a id=\"servizierogati\" href=\"#servizierogati\">Servizi erogati<\/a><\/h3><ul><li style=\"opacity: 0.5;\"><a href=\"https:\/\/www.vsopcine.it\/wp\/it\/trasparenza\/carta-dei-servizi-e-standard-di-qualita\/\" title=\"Carta dei servizi e standard di qualit\u00e0\">Carta dei servizi e standard di qualit\u00e0<\/a><\/li><li style=\"opacity: 0.5;\"><a href=\"https:\/\/www.vsopcine.it\/wp\/it\/trasparenza\/class-action\/\" title=\"Class action\">Class action<\/a><\/li><li style=\"opacity: 0.5;\"><a href=\"https:\/\/www.vsopcine.it\/wp\/it\/trasparenza\/costi-contabilizzati\/\" title=\"Costi contabilizzati\">Costi contabilizzati<\/a><\/li><li ><a href=\"https:\/\/www.vsopcine.it\/wp\/it\/trasparenza\/servizi-in-rete\/\" title=\"Servizi in rete\">Servizi in rete<\/a><\/li><li style=\"opacity: 0.5;\"><a href=\"https:\/\/www.vsopcine.it\/wp\/it\/trasparenza\/tempi-medi-di-erogazione-dei-servizi\/\" title=\"Tempi medi di erogazione dei servizi\">Tempi medi di erogazione dei servizi<\/a><\/li><li style=\"opacity: 0.5;\"><a href=\"https:\/\/www.vsopcine.it\/wp\/it\/trasparenza\/liste-di-attesa\/\" title=\"Liste di attesa\">Liste di attesa<\/a><\/li><\/ul><\/div><div class=\"at-tableclass\" id=\"at-s-16\"><h3><div class=\"at-number\">12<\/div><a id=\"pagamentidellamministrazione\" href=\"#pagamentidellamministrazione\">Pagamenti dell&#039; amministrazione<\/a><\/h3><ul><li style=\"opacity: 0.5;\"><a href=\"https:\/\/www.vsopcine.it\/wp\/it\/trasparenza\/dati-sui-pagamenti\/\" title=\"Dati sui pagamenti\">Dati sui pagamenti<\/a><\/li><li ><a href=\"https:\/\/www.vsopcine.it\/wp\/it\/trasparenza\/indicatore-di-tempestivita-dei-pagamenti\/\" title=\"Indicatore di tempestivit\u00e0 dei pagamenti\">Indicatore di tempestivit\u00e0 dei pagamenti<\/a><\/li><li ><a href=\"https:\/\/www.vsopcine.it\/wp\/it\/trasparenza\/iban-e-pagamenti-informatici\/\" title=\"IBAN e pagamenti informatici\">IBAN e pagamenti informatici<\/a><\/li><\/ul><\/div><div class=\"clear\"><\/div><div class=\"at-tableclass\" id=\"at-s-17\"><h3><div class=\"at-number\">0<\/div><a id=\"operepubbliche\" href=\"#operepubbliche\">Opere pubbliche<\/a><\/h3><ul><li style=\"opacity: 0.5;\"><a href=\"https:\/\/www.vsopcine.it\/wp\/it\/trasparenza\/nuclei-di-valutazione-e-verifica-degli-investimenti-pubblici\/\" title=\"Nuclei di valutazione e verifica degli investimenti pubblici\">Nuclei di valutazione e verifica degli investimenti pubblici<\/a><\/li><li style=\"opacity: 0.5;\"><a href=\"https:\/\/www.vsopcine.it\/wp\/it\/trasparenza\/atti-di-programmazione-delle-opere-pubbliche\/\" title=\"Atti di programmazione delle opere pubbliche\">Atti di programmazione delle opere pubbliche<\/a><\/li><li style=\"opacity: 0.5;\"><a href=\"https:\/\/www.vsopcine.it\/wp\/it\/trasparenza\/tempi-costi-e-indicatori-di-realizzazione-delle-opere-pubbliche\/\" title=\"Tempi costi e indicatori di realizzazione delle opere pubbliche\">Tempi costi e indicatori di realizzazione delle opere pubbliche<\/a><\/li><\/ul><\/div><div class=\"at-tableclass\" id=\"at-s-18\"><h3><div class=\"at-number\">0<\/div><a id=\"pianificazioneegovernodelterritorio\" href=\"#pianificazioneegovernodelterritorio\">Pianificazione e governo del territorio<\/a><\/h3><ul><li style=\"opacity: 0.5;\"><a href=\"https:\/\/www.vsopcine.it\/wp\/it\/trasparenza\/pianificazione-e-governo-del-territorio\/\" title=\"Pianificazione e governo del territorio\">Pianificazione e governo del territorio<\/a><\/li><\/ul><\/div><div class=\"clear\"><\/div><div class=\"at-tableclass\" id=\"at-s-19\"><h3><div class=\"at-number\">0<\/div><a id=\"informazioniambientali\" href=\"#informazioniambientali\">Informazioni ambientali<\/a><\/h3><ul><li style=\"opacity: 0.5;\"><a href=\"https:\/\/www.vsopcine.it\/wp\/it\/trasparenza\/informazioni-ambientali\/\" title=\"Informazioni ambientali\">Informazioni ambientali<\/a><\/li><\/ul><\/div><div class=\"at-tableclass\" id=\"at-s-20\"><h3><div class=\"at-number\">0<\/div><a id=\"strutturesanitarieprivateaccreditate\" href=\"#strutturesanitarieprivateaccreditate\">Strutture sanitarie private accreditate<\/a><\/h3><ul><li style=\"opacity: 0.5;\"><a href=\"https:\/\/www.vsopcine.it\/wp\/it\/trasparenza\/strutture-sanitarie-private-accreditate\/\" title=\"Strutture sanitarie private accreditate\">Strutture sanitarie private accreditate<\/a><\/li><\/ul><\/div><div class=\"clear\"><\/div><div class=\"at-tableclass\" id=\"at-s-21\"><h3><div class=\"at-number\">0<\/div><a id=\"interventistraordinariediemergenza\" href=\"#interventistraordinariediemergenza\">Interventi straordinari e di emergenza<\/a><\/h3><ul><li style=\"opacity: 0.5;\"><a href=\"https:\/\/www.vsopcine.it\/wp\/it\/trasparenza\/interventi-straordinari-e-di-emergenza\/\" title=\"Interventi straordinari e di emergenza\">Interventi straordinari e di emergenza<\/a><\/li><\/ul><\/div><div class=\"at-tableclass\" id=\"at-s-22\"><h3><div class=\"at-number\">13<\/div><a id=\"altricontenuti\" href=\"#altricontenuti\">Altri contenuti<\/a><\/h3><ul><li ><a href=\"https:\/\/www.vsopcine.it\/wp\/it\/trasparenza\/prevenzione-della-corruzione\/\" title=\"Prevenzione della Corruzione\">Prevenzione della Corruzione<\/a><\/li><li ><a href=\"https:\/\/www.vsopcine.it\/wp\/it\/trasparenza\/accesso-civico\/\" title=\"Accesso civico\">Accesso civico<\/a><\/li><li ><a href=\"https:\/\/www.vsopcine.it\/wp\/it\/trasparenza\/accessibilita-e-catalogo-di-dati-metadati-e-banche-dati\/\" title=\"Accessibilit\u00e0 e Catalogo di dati, metadati e banche dati\">Accessibilit\u00e0 e Catalogo di dati, metadati e banche dati<\/a><\/li><li style=\"opacity: 0.5;\"><a href=\"https:\/\/www.vsopcine.it\/wp\/it\/trasparenza\/dati-ulteriori\/\" title=\"Dati ulteriori\">Dati ulteriori<\/a><\/li><\/ul><\/div><div class=\"clear\"><\/div><div class=\"at-tableclass\" id=\"at-s-23\"><h3><div class=\"at-number\">2<\/div><a id=\"datinonpisoggettiapubblicazioneobbligatoria\" href=\"#datinonpisoggettiapubblicazioneobbligatoria\">Dati non pi\u00f9 soggetti a pubblicazione obbligatoria<\/a><\/h3><ul><li ><a href=\"https:\/\/www.vsopcine.it\/wp\/it\/trasparenza\/attestazioni-oiv-o-di-struttura-analoga\/\" title=\"Attestazioni OIV o di struttura analoga\">Attestazioni OIV o di struttura analoga<\/a><\/li><li style=\"opacity: 0.5;\"><a href=\"https:\/\/www.vsopcine.it\/wp\/it\/trasparenza\/burocrazia-zero\/\" title=\"Burocrazia zero\">Burocrazia zero<\/a><\/li><li style=\"opacity: 0.5;\"><a href=\"https:\/\/www.vsopcine.it\/wp\/it\/trasparenza\/benessere-organizzativo\/\" title=\"Benessere organizzativo\">Benessere organizzativo<\/a><\/li><li style=\"opacity: 0.5;\"><a href=\"https:\/\/www.vsopcine.it\/wp\/it\/trasparenza\/dati-aggregati-attivita-amministrativa\/\" title=\"Dati aggregati attivit\u00e0 amministrativa\">Dati aggregati attivit\u00e0 amministrativa<\/a><\/li><li style=\"opacity: 0.5;\"><a href=\"https:\/\/www.vsopcine.it\/wp\/it\/trasparenza\/monitoraggio-tempi-procedimentali\/\" title=\"Monitoraggio tempi procedimentali\">Monitoraggio tempi procedimentali<\/a><\/li><li style=\"opacity: 0.5;\"><a href=\"https:\/\/www.vsopcine.it\/wp\/it\/trasparenza\/controlli-sulle-imprese\/\" title=\"Controlli sulle imprese\">Controlli sulle imprese<\/a><\/li><\/ul><\/div><span style=\"width:98%;border: 1px solid #eee;padding: 8px 10px;background: #FBFBFB;float: left;font-size: 0.7em;\">\r\n        <span style=\"float:right;\">\r\n            <a href=\"http:\/\/www.wpgov.it\" target=\"_blank\" alt=\"Software WPGov\" title=\"Software WPGov\">wpgov.it<\/a>\r\n        <\/span>\r\n        Powered by <a href=\"http:\/\/wordpress.org\/plugins\/amministrazione-trasparente\/\" rel=\"nofollow\" title=\"Plugin Amministrazione Trasparente per Wordpress\">Amministrazione Trasparente<\/a>\r\n        <\/span><div class=\"clear\"><\/div>\n\n\n\n<div style=\"height:70px\" aria-hidden=\"true\" class=\"wp-block-spacer\"><\/div>\n\n\n\n<p><\/p>","protected":false},"excerpt":{"rendered":"<p>La sezione denominata &#8220;Amministrazione trasparente&#8221; \u00e8 organizzata in sotto-sezioni di Livello 1 e Livello 2 all&#8217;interno delle quali sono inseriti i documenti, le informazioni e &#8230; <\/p>","protected":false},"author":1,"featured_media":0,"parent":0,"menu_order":0,"comment_status":"closed","ping_status":"closed","template":"page-sidebar.php","meta":{"_mi_skip_tracking":false,"footnotes":""},"class_list":["post-1434","page","type-page","status-publish","hentry"],"_links":{"self":[{"href":"https:\/\/www.vsopcine.it\/wp\/it\/wp-json\/wp\/v2\/pages\/1434","targetHints":{"allow":["GET"]}}],"collection":[{"href":"https:\/\/www.vsopcine.it\/wp\/it\/wp-json\/wp\/v2\/pages"}],"about":[{"href":"https:\/\/www.vsopcine.it\/wp\/it\/wp-json\/wp\/v2\/types\/page"}],"author":[{"embeddable":true,"href":"https:\/\/www.vsopcine.it\/wp\/it\/wp-json\/wp\/v2\/users\/1"}],"replies":[{"embeddable":true,"href":"https:\/\/www.vsopcine.it\/wp\/it\/wp-json\/wp\/v2\/comments?post=1434"}],"version-history":[{"count":13,"href":"https:\/\/www.vsopcine.it\/wp\/it\/wp-json\/wp\/v2\/pages\/1434\/revisions"}],"predecessor-version":[{"id":4269,"href":"https:\/\/www.vsopcine.it\/wp\/it\/wp-json\/wp\/v2\/pages\/1434\/revisions\/4269"}],"wp:attachment":[{"href":"https:\/\/www.vsopcine.it\/wp\/it\/wp-json\/wp\/v2\/media?parent=1434"}],"curies":[{"name":"wp","href":"https:\/\/api.w.org\/{rel}","templated":true}]}}